{"id":210,"date":"2021-10-04T22:06:45","date_gmt":"2021-10-04T22:06:45","guid":{"rendered":"http:\/\/localhost\/wordpress\/?page_id=210"},"modified":"2024-03-11T20:05:40","modified_gmt":"2024-03-12T00:05:40","slug":"contacto","status":"publish","type":"page","link":"https:\/\/glfdb.org\/?page_id=210","title":{"rendered":"CONTACTO"},"content":{"rendered":"\t\t<div data-elementor-type=\"wp-page\" data-elementor-id=\"210\" class=\"elementor elementor-210\">\n\t\t\t\t\t\t<section class=\"elementor-section elementor-top-section elementor-element elementor-element-73fa010 elementor-section-boxed elementor-section-height-default elementor-section-height-default\" data-id=\"73fa010\" data-element_type=\"section\">\n\t\t\t\t\t\t<div class=\"elementor-container elementor-column-gap-default\">\n\t\t\t\t\t<div class=\"elementor-column elementor-col-25 elementor-top-column elementor-element elementor-element-dcffb09\" data-id=\"dcffb09\" data-element_type=\"column\">\n\t\t\t<div class=\"elementor-widget-wrap elementor-element-populated\">\n\t\t\t\t\t\t<div class=\"elementor-element elementor-element-348914f elementor-widget elementor-widget-image\" data-id=\"348914f\" data-element_type=\"widget\" data-widget_type=\"image.default\">\n\t\t\t\t<div class=\"elementor-widget-container\">\n\t\t\t\t\t\t\t\t\t\t\t\t\t\t\t<img fetchpriority=\"high\" decoding=\"async\" width=\"741\" height=\"554\" src=\"https:\/\/glfdb.org\/wp-content\/uploads\/2021\/07\/LOGO-ANTAWARA.png\" class=\"attachment-large size-large wp-image-49\" alt=\"\" srcset=\"https:\/\/glfdb.org\/wp-content\/uploads\/2021\/07\/LOGO-ANTAWARA.png 741w, https:\/\/glfdb.org\/wp-content\/uploads\/2021\/07\/LOGO-ANTAWARA-300x224.png 300w\" sizes=\"(max-width: 741px) 100vw, 741px\" \/>\t\t\t\t\t\t\t\t\t\t\t\t\t\t\t<\/div>\n\t\t\t\t<\/div>\n\t\t\t\t\t<\/div>\n\t\t<\/div>\n\t\t\t\t<div class=\"elementor-column elementor-col-25 elementor-top-column elementor-element elementor-element-cce1e4c\" data-id=\"cce1e4c\" data-element_type=\"column\">\n\t\t\t<div class=\"elementor-widget-wrap elementor-element-populated\">\n\t\t\t\t\t\t<div class=\"elementor-element elementor-element-c21dc46 elementor-widget elementor-widget-image\" data-id=\"c21dc46\" data-element_type=\"widget\" data-widget_type=\"image.default\">\n\t\t\t\t<div class=\"elementor-widget-container\">\n\t\t\t\t\t\t\t\t\t\t\t\t\t\t\t<img decoding=\"async\" width=\"715\" height=\"720\" src=\"https:\/\/glfdb.org\/wp-content\/uploads\/2021\/07\/LOGO-LUZ-DE-LOS-ANDES-Sin-Fondo-1.png\" class=\"attachment-large size-large wp-image-39\" alt=\"\" srcset=\"https:\/\/glfdb.org\/wp-content\/uploads\/2021\/07\/LOGO-LUZ-DE-LOS-ANDES-Sin-Fondo-1.png 715w, https:\/\/glfdb.org\/wp-content\/uploads\/2021\/07\/LOGO-LUZ-DE-LOS-ANDES-Sin-Fondo-1-298x300.png 298w, https:\/\/glfdb.org\/wp-content\/uploads\/2021\/07\/LOGO-LUZ-DE-LOS-ANDES-Sin-Fondo-1-150x150.png 150w\" sizes=\"(max-width: 715px) 100vw, 715px\" \/>\t\t\t\t\t\t\t\t\t\t\t\t\t\t\t<\/div>\n\t\t\t\t<\/div>\n\t\t\t\t\t<\/div>\n\t\t<\/div>\n\t\t\t\t<div class=\"elementor-column elementor-col-25 elementor-top-column elementor-element elementor-element-e6c0e5e\" data-id=\"e6c0e5e\" data-element_type=\"column\">\n\t\t\t<div class=\"elementor-widget-wrap elementor-element-populated\">\n\t\t\t\t\t\t<div class=\"elementor-element elementor-element-4201d38 elementor-invisible elementor-widget elementor-widget-image\" data-id=\"4201d38\" data-element_type=\"widget\" data-settings=\"{&quot;_animation&quot;:&quot;fadeIn&quot;}\" data-widget_type=\"image.default\">\n\t\t\t\t<div class=\"elementor-widget-container\">\n\t\t\t\t\t\t\t\t\t\t\t\t<figure class=\"wp-caption\">\n\t\t\t\t\t\t\t\t\t\t<img decoding=\"async\" width=\"227\" height=\"300\" src=\"https:\/\/glfdb.org\/wp-content\/uploads\/2021\/07\/julitas-227x300.png\" class=\"attachment-medium size-medium wp-image-47\" alt=\"\" srcset=\"https:\/\/glfdb.org\/wp-content\/uploads\/2021\/07\/julitas-227x300.png 227w, https:\/\/glfdb.org\/wp-content\/uploads\/2021\/07\/julitas-775x1024.png 775w, https:\/\/glfdb.org\/wp-content\/uploads\/2021\/07\/julitas-768x1015.png 768w, https:\/\/glfdb.org\/wp-content\/uploads\/2021\/07\/julitas-1162x1536.png 1162w, https:\/\/glfdb.org\/wp-content\/uploads\/2021\/07\/julitas-1549x2048.png 1549w\" sizes=\"(max-width: 227px) 100vw, 227px\" \/>\t\t\t\t\t\t\t\t\t\t\t<figcaption class=\"widget-image-caption wp-caption-text\"><\/figcaption>\n\t\t\t\t\t\t\t\t\t\t<\/figure>\n\t\t\t\t\t\t\t\t\t<\/div>\n\t\t\t\t<\/div>\n\t\t\t\t\t<\/div>\n\t\t<\/div>\n\t\t\t\t<div class=\"elementor-column elementor-col-25 elementor-top-column elementor-element elementor-element-a86af30\" data-id=\"a86af30\" data-element_type=\"column\">\n\t\t\t<div class=\"elementor-widget-wrap elementor-element-populated\">\n\t\t\t\t\t\t<div class=\"elementor-element elementor-element-d61d26b elementor-widget elementor-widget-image\" data-id=\"d61d26b\" data-element_type=\"widget\" data-widget_type=\"image.default\">\n\t\t\t\t<div class=\"elementor-widget-container\">\n\t\t\t\t\t\t\t\t\t\t\t\t\t\t\t<img loading=\"lazy\" decoding=\"async\" width=\"800\" height=\"798\" src=\"https:\/\/glfdb.org\/wp-content\/uploads\/2021\/07\/LOGO-CONCORDIA-1024x1022.png\" class=\"attachment-large size-large wp-image-46\" alt=\"\" srcset=\"https:\/\/glfdb.org\/wp-content\/uploads\/2021\/07\/LOGO-CONCORDIA-1024x1022.png 1024w, https:\/\/glfdb.org\/wp-content\/uploads\/2021\/07\/LOGO-CONCORDIA-300x300.png 300w, https:\/\/glfdb.org\/wp-content\/uploads\/2021\/07\/LOGO-CONCORDIA-150x150.png 150w, https:\/\/glfdb.org\/wp-content\/uploads\/2021\/07\/LOGO-CONCORDIA-768x767.png 768w, https:\/\/glfdb.org\/wp-content\/uploads\/2021\/07\/LOGO-CONCORDIA-1536x1533.png 1536w, https:\/\/glfdb.org\/wp-content\/uploads\/2021\/07\/LOGO-CONCORDIA-2048x2044.png 2048w\" sizes=\"(max-width: 800px) 100vw, 800px\" \/>\t\t\t\t\t\t\t\t\t\t\t\t\t\t\t<\/div>\n\t\t\t\t<\/div>\n\t\t\t\t\t<\/div>\n\t\t<\/div>\n\t\t\t\t\t<\/div>\n\t\t<\/section>\n\t\t\t\t<section class=\"elementor-section elementor-top-section elementor-element elementor-element-ef9bbc7 elementor-section-boxed elementor-section-height-default elementor-section-height-default\" data-id=\"ef9bbc7\" data-element_type=\"section\">\n\t\t\t\t\t\t<div class=\"elementor-container elementor-column-gap-default\">\n\t\t\t\t\t<div class=\"elementor-column elementor-col-100 elementor-top-column elementor-element elementor-element-e1514a0\" data-id=\"e1514a0\" data-element_type=\"column\">\n\t\t\t<div class=\"elementor-widget-wrap elementor-element-populated\">\n\t\t\t\t\t\t<div class=\"elementor-element elementor-element-ea36272 elementor-widget elementor-widget-text-editor\" data-id=\"ea36272\" data-element_type=\"widget\" data-widget_type=\"text-editor.default\">\n\t\t\t\t<div class=\"elementor-widget-container\">\n\t\t\t\t\t\t\t\t\t<p style=\"text-align: center;\"><strong>EN CONSTRUCCI\u00d3N<\/strong><\/p>\t\t\t\t\t\t\t\t<\/div>\n\t\t\t\t<\/div>\n\t\t\t\t<div class=\"elementor-element elementor-element-43e808d elementor-widget elementor-widget-heading\" data-id=\"43e808d\" data-element_type=\"widget\" data-widget_type=\"heading.default\">\n\t\t\t\t<div class=\"elementor-widget-container\">\n\t\t\t\t\t<h2 class=\"elementor-heading-title elementor-size-default\">Formulario de Contacto<\/h2>\t\t\t\t<\/div>\n\t\t\t\t<\/div>\n\t\t\t\t\t<\/div>\n\t\t<\/div>\n\t\t\t\t\t<\/div>\n\t\t<\/section>\n\t\t\t\t<section class=\"elementor-section elementor-top-section elementor-element elementor-element-a859611 elementor-section-boxed elementor-section-height-default elementor-section-height-default\" data-id=\"a859611\" data-element_type=\"section\">\n\t\t\t\t\t\t<div class=\"elementor-container elementor-column-gap-default\">\n\t\t\t\t\t<div class=\"elementor-column elementor-col-100 elementor-top-column elementor-element elementor-element-8b3566e\" data-id=\"8b3566e\" data-element_type=\"column\">\n\t\t\t<div class=\"elementor-widget-wrap\">\n\t\t\t\t\t\t\t<\/div>\n\t\t<\/div>\n\t\t\t\t\t<\/div>\n\t\t<\/section>\n\t\t\t\t<section class=\"elementor-section elementor-top-section elementor-element elementor-element-127cfa9 elementor-section-boxed elementor-section-height-default elementor-section-height-default\" data-id=\"127cfa9\" data-element_type=\"section\">\n\t\t\t\t\t\t<div class=\"elementor-container elementor-column-gap-default\">\n\t\t\t\t\t<div class=\"elementor-column elementor-col-100 elementor-top-column elementor-element elementor-element-460d857\" data-id=\"460d857\" data-element_type=\"column\">\n\t\t\t<div class=\"elementor-widget-wrap elementor-element-populated\">\n\t\t\t\t\t\t<div class=\"elementor-element elementor-element-9f1853d elementor-widget elementor-widget-text-editor\" data-id=\"9f1853d\" data-element_type=\"widget\" data-widget_type=\"text-editor.default\">\n\t\t\t\t<div class=\"elementor-widget-container\">\n\t\t\t\t\t\t\t\t\t<h1>EN<b> CONSTRUCCI\u00d3N<\/b><\/h1>\t\t\t\t\t\t\t\t<\/div>\n\t\t\t\t<\/div>\n\t\t\t\t\t<\/div>\n\t\t<\/div>\n\t\t\t\t\t<\/div>\n\t\t<\/section>\n\t\t\t\t<\/div>\n\t\t","protected":false},"excerpt":{"rendered":"<p>EN CONSTRUCCI\u00d3N Formulario de Contacto Tu nombre Tu correo electr\u00f3nico Tu Telefono fijo o celular Tu mensaje (opcional) He le\u00eddo y acepto la pol\u00edtica de privacidad pol\u00edtica de privacidad &#916; EN CONSTRUCCI\u00d3N<\/p>\n","protected":false},"author":1,"featured_media":109,"parent":0,"menu_order":0,"comment_status":"closed","ping_status":"closed","template":"","meta":{"footnotes":""},"class_list":["post-210","page","type-page","status-publish","has-post-thumbnail","hentry"],"_links":{"self":[{"href":"https:\/\/glfdb.org\/index.php?rest_route=\/wp\/v2\/pages\/210","targetHints":{"allow":["GET"]}}],"collection":[{"href":"https:\/\/glfdb.org\/index.php?rest_route=\/wp\/v2\/pages"}],"about":[{"href":"https:\/\/glfdb.org\/index.php?rest_route=\/wp\/v2\/types\/page"}],"author":[{"embeddable":true,"href":"https:\/\/glfdb.org\/index.php?rest_route=\/wp\/v2\/users\/1"}],"replies":[{"embeddable":true,"href":"https:\/\/glfdb.org\/index.php?rest_route=%2Fwp%2Fv2%2Fcomments&post=210"}],"version-history":[{"count":60,"href":"https:\/\/glfdb.org\/index.php?rest_route=\/wp\/v2\/pages\/210\/revisions"}],"predecessor-version":[{"id":2559,"href":"https:\/\/glfdb.org\/index.php?rest_route=\/wp\/v2\/pages\/210\/revisions\/2559"}],"wp:featuredmedia":[{"embeddable":true,"href":"https:\/\/glfdb.org\/index.php?rest_route=\/wp\/v2\/media\/109"}],"wp:attachment":[{"href":"https:\/\/glfdb.org\/index.php?rest_route=%2Fwp%2Fv2%2Fmedia&parent=210"}],"curies":[{"name":"wp","href":"https:\/\/api.w.org\/{rel}","templated":true}]}}